{"id":2072,"date":"2026-03-21T13:31:57","date_gmt":"2026-03-21T13:31:57","guid":{"rendered":"https:\/\/grosdental.rs\/nas-tim\/dentalni-asistent-snezana-dokic\/"},"modified":"2026-04-27T18:19:47","modified_gmt":"2026-04-27T18:19:47","slug":"dental-assistant-snezana-djokic","status":"publish","type":"page","link":"https:\/\/grosdental.rs\/en\/our-team\/dental-assistant-snezana-djokic\/","title":{"rendered":"Dental assistant Sne\u017eana \u0110oki\u0107"},"content":{"rendered":"\t\t<div data-elementor-type=\"wp-page\" data-elementor-id=\"2072\" class=\"elementor elementor-2072 elementor-1640\" data-elementor-post-type=\"page\">\n\t\t\t\t<div class=\"elementor-element elementor-element-74cebea e-flex e-con-boxed e-con e-parent\" data-id=\"74cebea\" data-element_type=\"container\" data-e-type=\"container\" data-settings=\"{&quot;background_background&quot;:&quot;classic&quot;}\">\n\t\t\t\t\t<div class=\"e-con-inner\">\n\t\t<div class=\"elementor-element elementor-element-38b1a67 e-con-full e-flex e-con e-child\" data-id=\"38b1a67\" data-element_type=\"container\" data-e-type=\"container\">\n\t\t\t\t<div class=\"elementor-element elementor-element-f4d3dda elementor-widget elementor-widget-heading\" data-id=\"f4d3dda\" data-element_type=\"widget\" data-e-type=\"widget\" data-widget_type=\"heading.default\">\n\t\t\t\t<div class=\"elementor-widget-container\">\n\t\t\t\t\t<h2 class=\"elementor-heading-title elementor-size-default\">Dental assistant Sne\u017eana \u0110oki\u0107<\/h2>\t\t\t\t<\/div>\n\t\t\t\t<\/div>\n\t\t\t\t<\/div>\n\t\t\t\t\t<\/div>\n\t\t\t\t<\/div>\n\t\t<div class=\"elementor-element elementor-element-4c29ce2 e-con-full e-flex e-con e-parent\" data-id=\"4c29ce2\" data-element_type=\"container\" data-e-type=\"container\" data-settings=\"{&quot;background_background&quot;:&quot;classic&quot;}\">\n\t\t<div class=\"elementor-element elementor-element-b787794 e-grid e-con-boxed e-con e-child\" data-id=\"b787794\" data-element_type=\"container\" data-e-type=\"container\">\n\t\t\t\t\t<div class=\"e-con-inner\">\n\t\t\t\t<div class=\"elementor-element elementor-element-73efcc6 elementor-widget elementor-widget-image\" data-id=\"73efcc6\" data-element_type=\"widget\" data-e-type=\"widget\" data-widget_type=\"image.default\">\n\t\t\t\t<div class=\"elementor-widget-container\">\n\t\t\t\t\t\t\t\t\t\t\t\t\t\t\t<img fetchpriority=\"high\" decoding=\"async\" width=\"507\" height=\"700\" src=\"https:\/\/grosdental.rs\/wp-content\/uploads\/2026\/03\/asistent-snezana-djokic.jpg\" class=\"attachment-large size-large wp-image-2057\" alt=\"Dentalni asistent Sne\u017eana \u0110oki\u0107\" srcset=\"https:\/\/grosdental.rs\/wp-content\/uploads\/2026\/03\/asistent-snezana-djokic.jpg 507w, https:\/\/grosdental.rs\/wp-content\/uploads\/2026\/03\/asistent-snezana-djokic-217x300.jpg 217w\" sizes=\"(max-width: 507px) 100vw, 507px\" \/>\t\t\t\t\t\t\t\t\t\t\t\t\t\t\t<\/div>\n\t\t\t\t<\/div>\n\t\t\t\t<div class=\"elementor-element elementor-element-1d52a71 elementor-widget elementor-widget-text-editor\" data-id=\"1d52a71\" data-element_type=\"widget\" data-e-type=\"widget\" data-widget_type=\"text-editor.default\">\n\t\t\t\t<div class=\"elementor-widget-container\">\n\t\t\t\t\t\t\t\t\t<p>Sne\u017eana is an important member of our team, with many years of experience in modern dental practices. She is extremely organized and committed to each patient.<\/p><p>Always smiling, patient, and attentive, she brings a pleasant and relaxed atmosphere for both the patients and the team. She regularly improves her skills through professional training and seminars, following the latest standards in dentistry.<\/p>\t\t\t\t\t\t\t\t<\/div>\n\t\t\t\t<\/div>\n\t\t\t\t\t<\/div>\n\t\t\t\t<\/div>\n\t\t\t\t<\/div>\n\t\t\t\t<\/div>\n\t\t","protected":false},"excerpt":{"rendered":"<p>Dental assistant Sne\u017eana \u0110oki\u0107 Sne\u017eana is an important member of our team, with many years of experience in modern dental practices. She is extremely organized and committed to each patient. Always smiling, patient, and attentive, she brings a pleasant and relaxed atmosphere for both the patients and the team. She regularly improves her skills through [&hellip;]<\/p>\n","protected":false},"author":1,"featured_media":2248,"parent":2058,"menu_order":50,"comment_status":"closed","ping_status":"closed","template":"","meta":{"footnotes":""},"class_list":["post-2072","page","type-page","status-publish","has-post-thumbnail","hentry"],"yoast_head":"<!-- This site is optimized with the Yoast SEO plugin v27.6 - https:\/\/yoast.com\/product\/yoast-seo-wordpress\/ -->\n<title>Dental assistant Sne\u017eana \u0110oki\u0107 | Gros Dental<\/title>\n<meta name=\"description\" content=\"Sne\u017eana \u0110oki\u0107 is an experienced dental professional, supporting all dental branches with expertise and a focus on patient care.\" \/>\n<meta name=\"robots\" content=\"index, follow, max-snippet:-1, max-image-preview:large, max-video-preview:-1\" \/>\n<link rel=\"canonical\" href=\"https:\/\/grosdental.rs\/en\/our-team\/dental-assistant-snezana-djokic\/\" \/>\n<meta property=\"og:locale\" content=\"en_US\" \/>\n<meta property=\"og:type\" content=\"article\" \/>\n<meta property=\"og:title\" content=\"Dental assistant Sne\u017eana \u0110oki\u0107 | Gros Dental\" \/>\n<meta property=\"og:description\" content=\"Sne\u017eana \u0110oki\u0107 is an experienced dental professional, supporting all dental branches with expertise and a focus on patient care.\" \/>\n<meta property=\"og:url\" content=\"https:\/\/grosdental.rs\/en\/our-team\/dental-assistant-snezana-djokic\/\" \/>\n<meta property=\"og:site_name\" content=\"Gros Dental\" \/>\n<meta property=\"article:modified_time\" content=\"2026-04-27T18:19:47+00:00\" \/>\n<meta property=\"og:image\" content=\"https:\/\/grosdental.rs\/wp-content\/uploads\/2026\/03\/gros-dental-fb.webp\" \/>\n\t<meta property=\"og:image:width\" content=\"1200\" \/>\n\t<meta property=\"og:image:height\" content=\"630\" \/>\n\t<meta property=\"og:image:type\" content=\"image\/webp\" \/>\n<meta name=\"twitter:card\" content=\"summary_large_image\" \/>\n<meta name=\"twitter:title\" content=\"Dental assistant Sne\u017eana \u0110oki\u0107 | Gros Dental\" \/>\n<meta name=\"twitter:description\" content=\"Sne\u017eana \u0110oki\u0107 is an experienced dental professional, supporting all dental branches with expertise and a focus on patient care.\" \/>\n<meta name=\"twitter:image\" content=\"https:\/\/grosdental.rs\/wp-content\/uploads\/2026\/03\/gros-dental-x.webp\" \/>\n<meta name=\"twitter:label1\" content=\"Est. reading time\" \/>\n\t<meta name=\"twitter:data1\" content=\"1 minute\" \/>\n<script type=\"application\/ld+json\" class=\"yoast-schema-graph\">{\"@context\":\"https:\\\/\\\/schema.org\",\"@graph\":[{\"@type\":\"WebPage\",\"@id\":\"https:\\\/\\\/grosdental.rs\\\/en\\\/our-team\\\/dental-assistant-snezana-djokic\\\/\",\"url\":\"https:\\\/\\\/grosdental.rs\\\/en\\\/our-team\\\/dental-assistant-snezana-djokic\\\/\",\"name\":\"Dental assistant Sne\u017eana \u0110oki\u0107 | Gros Dental\",\"isPartOf\":{\"@id\":\"https:\\\/\\\/grosdental.rs\\\/en\\\/#website\"},\"primaryImageOfPage\":{\"@id\":\"https:\\\/\\\/grosdental.rs\\\/en\\\/our-team\\\/dental-assistant-snezana-djokic\\\/#primaryimage\"},\"image\":{\"@id\":\"https:\\\/\\\/grosdental.rs\\\/en\\\/our-team\\\/dental-assistant-snezana-djokic\\\/#primaryimage\"},\"thumbnailUrl\":\"https:\\\/\\\/grosdental.rs\\\/wp-content\\\/uploads\\\/2026\\\/03\\\/gros-dental-x.webp\",\"datePublished\":\"2026-03-21T13:31:57+00:00\",\"dateModified\":\"2026-04-27T18:19:47+00:00\",\"description\":\"Sne\u017eana \u0110oki\u0107 is an experienced dental professional, supporting all dental branches with expertise and a focus on patient care.\",\"breadcrumb\":{\"@id\":\"https:\\\/\\\/grosdental.rs\\\/en\\\/our-team\\\/dental-assistant-snezana-djokic\\\/#breadcrumb\"},\"inLanguage\":\"en-US\",\"potentialAction\":[{\"@type\":\"ReadAction\",\"target\":[\"https:\\\/\\\/grosdental.rs\\\/en\\\/our-team\\\/dental-assistant-snezana-djokic\\\/\"]}]},{\"@type\":\"ImageObject\",\"inLanguage\":\"en-US\",\"@id\":\"https:\\\/\\\/grosdental.rs\\\/en\\\/our-team\\\/dental-assistant-snezana-djokic\\\/#primaryimage\",\"url\":\"https:\\\/\\\/grosdental.rs\\\/wp-content\\\/uploads\\\/2026\\\/03\\\/gros-dental-x.webp\",\"contentUrl\":\"https:\\\/\\\/grosdental.rs\\\/wp-content\\\/uploads\\\/2026\\\/03\\\/gros-dental-x.webp\",\"width\":1200,\"height\":675,\"caption\":\"Gros Dental\"},{\"@type\":\"BreadcrumbList\",\"@id\":\"https:\\\/\\\/grosdental.rs\\\/en\\\/our-team\\\/dental-assistant-snezana-djokic\\\/#breadcrumb\",\"itemListElement\":[{\"@type\":\"ListItem\",\"position\":1,\"name\":\"Home\",\"item\":\"https:\\\/\\\/grosdental.rs\\\/en\\\/\"},{\"@type\":\"ListItem\",\"position\":2,\"name\":\"Our team\",\"item\":\"https:\\\/\\\/grosdental.rs\\\/en\\\/our-team\\\/\"},{\"@type\":\"ListItem\",\"position\":3,\"name\":\"Dental assistant Sne\u017eana \u0110oki\u0107\"}]},{\"@type\":\"WebSite\",\"@id\":\"https:\\\/\\\/grosdental.rs\\\/en\\\/#website\",\"url\":\"https:\\\/\\\/grosdental.rs\\\/en\\\/\",\"name\":\"Gros Dental\",\"description\":\"\",\"publisher\":{\"@id\":\"https:\\\/\\\/grosdental.rs\\\/en\\\/#organization\"},\"potentialAction\":[{\"@type\":\"SearchAction\",\"target\":{\"@type\":\"EntryPoint\",\"urlTemplate\":\"https:\\\/\\\/grosdental.rs\\\/en\\\/?s={search_term_string}\"},\"query-input\":{\"@type\":\"PropertyValueSpecification\",\"valueRequired\":true,\"valueName\":\"search_term_string\"}}],\"inLanguage\":\"en-US\"},{\"@type\":\"Organization\",\"@id\":\"https:\\\/\\\/grosdental.rs\\\/en\\\/#organization\",\"name\":\"Gros Dental\",\"url\":\"https:\\\/\\\/grosdental.rs\\\/en\\\/\",\"logo\":{\"@type\":\"ImageObject\",\"inLanguage\":\"en-US\",\"@id\":\"https:\\\/\\\/grosdental.rs\\\/en\\\/#\\\/schema\\\/logo\\\/image\\\/\",\"url\":\"https:\\\/\\\/grosdental.rs\\\/wp-content\\\/uploads\\\/2025\\\/02\\\/GrosDental_logo.png\",\"contentUrl\":\"https:\\\/\\\/grosdental.rs\\\/wp-content\\\/uploads\\\/2025\\\/02\\\/GrosDental_logo.png\",\"width\":300,\"height\":235,\"caption\":\"Gros Dental\"},\"image\":{\"@id\":\"https:\\\/\\\/grosdental.rs\\\/en\\\/#\\\/schema\\\/logo\\\/image\\\/\"}}]}<\/script>\n<!-- \/ Yoast SEO plugin. -->","yoast_head_json":{"title":"Dental assistant Sne\u017eana \u0110oki\u0107 | Gros Dental","description":"Sne\u017eana \u0110oki\u0107 is an experienced dental professional, supporting all dental branches with expertise and a focus on patient care.","robots":{"index":"index","follow":"follow","max-snippet":"max-snippet:-1","max-image-preview":"max-image-preview:large","max-video-preview":"max-video-preview:-1"},"canonical":"https:\/\/grosdental.rs\/en\/our-team\/dental-assistant-snezana-djokic\/","og_locale":"en_US","og_type":"article","og_title":"Dental assistant Sne\u017eana \u0110oki\u0107 | Gros Dental","og_description":"Sne\u017eana \u0110oki\u0107 is an experienced dental professional, supporting all dental branches with expertise and a focus on patient care.","og_url":"https:\/\/grosdental.rs\/en\/our-team\/dental-assistant-snezana-djokic\/","og_site_name":"Gros Dental","article_modified_time":"2026-04-27T18:19:47+00:00","og_image":[{"width":1200,"height":630,"url":"https:\/\/grosdental.rs\/wp-content\/uploads\/2026\/03\/gros-dental-fb.webp","type":"image\/webp"}],"twitter_card":"summary_large_image","twitter_title":"Dental assistant Sne\u017eana \u0110oki\u0107 | Gros Dental","twitter_description":"Sne\u017eana \u0110oki\u0107 is an experienced dental professional, supporting all dental branches with expertise and a focus on patient care.","twitter_image":"https:\/\/grosdental.rs\/wp-content\/uploads\/2026\/03\/gros-dental-x.webp","twitter_misc":{"Est. reading time":"1 minute"},"schema":{"@context":"https:\/\/schema.org","@graph":[{"@type":"WebPage","@id":"https:\/\/grosdental.rs\/en\/our-team\/dental-assistant-snezana-djokic\/","url":"https:\/\/grosdental.rs\/en\/our-team\/dental-assistant-snezana-djokic\/","name":"Dental assistant Sne\u017eana \u0110oki\u0107 | Gros Dental","isPartOf":{"@id":"https:\/\/grosdental.rs\/en\/#website"},"primaryImageOfPage":{"@id":"https:\/\/grosdental.rs\/en\/our-team\/dental-assistant-snezana-djokic\/#primaryimage"},"image":{"@id":"https:\/\/grosdental.rs\/en\/our-team\/dental-assistant-snezana-djokic\/#primaryimage"},"thumbnailUrl":"https:\/\/grosdental.rs\/wp-content\/uploads\/2026\/03\/gros-dental-x.webp","datePublished":"2026-03-21T13:31:57+00:00","dateModified":"2026-04-27T18:19:47+00:00","description":"Sne\u017eana \u0110oki\u0107 is an experienced dental professional, supporting all dental branches with expertise and a focus on patient care.","breadcrumb":{"@id":"https:\/\/grosdental.rs\/en\/our-team\/dental-assistant-snezana-djokic\/#breadcrumb"},"inLanguage":"en-US","potentialAction":[{"@type":"ReadAction","target":["https:\/\/grosdental.rs\/en\/our-team\/dental-assistant-snezana-djokic\/"]}]},{"@type":"ImageObject","inLanguage":"en-US","@id":"https:\/\/grosdental.rs\/en\/our-team\/dental-assistant-snezana-djokic\/#primaryimage","url":"https:\/\/grosdental.rs\/wp-content\/uploads\/2026\/03\/gros-dental-x.webp","contentUrl":"https:\/\/grosdental.rs\/wp-content\/uploads\/2026\/03\/gros-dental-x.webp","width":1200,"height":675,"caption":"Gros Dental"},{"@type":"BreadcrumbList","@id":"https:\/\/grosdental.rs\/en\/our-team\/dental-assistant-snezana-djokic\/#breadcrumb","itemListElement":[{"@type":"ListItem","position":1,"name":"Home","item":"https:\/\/grosdental.rs\/en\/"},{"@type":"ListItem","position":2,"name":"Our team","item":"https:\/\/grosdental.rs\/en\/our-team\/"},{"@type":"ListItem","position":3,"name":"Dental assistant Sne\u017eana \u0110oki\u0107"}]},{"@type":"WebSite","@id":"https:\/\/grosdental.rs\/en\/#website","url":"https:\/\/grosdental.rs\/en\/","name":"Gros Dental","description":"","publisher":{"@id":"https:\/\/grosdental.rs\/en\/#organization"},"potentialAction":[{"@type":"SearchAction","target":{"@type":"EntryPoint","urlTemplate":"https:\/\/grosdental.rs\/en\/?s={search_term_string}"},"query-input":{"@type":"PropertyValueSpecification","valueRequired":true,"valueName":"search_term_string"}}],"inLanguage":"en-US"},{"@type":"Organization","@id":"https:\/\/grosdental.rs\/en\/#organization","name":"Gros Dental","url":"https:\/\/grosdental.rs\/en\/","logo":{"@type":"ImageObject","inLanguage":"en-US","@id":"https:\/\/grosdental.rs\/en\/#\/schema\/logo\/image\/","url":"https:\/\/grosdental.rs\/wp-content\/uploads\/2025\/02\/GrosDental_logo.png","contentUrl":"https:\/\/grosdental.rs\/wp-content\/uploads\/2025\/02\/GrosDental_logo.png","width":300,"height":235,"caption":"Gros Dental"},"image":{"@id":"https:\/\/grosdental.rs\/en\/#\/schema\/logo\/image\/"}}]}},"_links":{"self":[{"href":"https:\/\/grosdental.rs\/en\/wp-json\/wp\/v2\/pages\/2072","targetHints":{"allow":["GET"]}}],"collection":[{"href":"https:\/\/grosdental.rs\/en\/wp-json\/wp\/v2\/pages"}],"about":[{"href":"https:\/\/grosdental.rs\/en\/wp-json\/wp\/v2\/types\/page"}],"author":[{"embeddable":true,"href":"https:\/\/grosdental.rs\/en\/wp-json\/wp\/v2\/users\/1"}],"replies":[{"embeddable":true,"href":"https:\/\/grosdental.rs\/en\/wp-json\/wp\/v2\/comments?post=2072"}],"version-history":[{"count":8,"href":"https:\/\/grosdental.rs\/en\/wp-json\/wp\/v2\/pages\/2072\/revisions"}],"predecessor-version":[{"id":2459,"href":"https:\/\/grosdental.rs\/en\/wp-json\/wp\/v2\/pages\/2072\/revisions\/2459"}],"up":[{"embeddable":true,"href":"https:\/\/grosdental.rs\/en\/wp-json\/wp\/v2\/pages\/2058"}],"wp:featuredmedia":[{"embeddable":true,"href":"https:\/\/grosdental.rs\/en\/wp-json\/wp\/v2\/media\/2248"}],"wp:attachment":[{"href":"https:\/\/grosdental.rs\/en\/wp-json\/wp\/v2\/media?parent=2072"}],"curies":[{"name":"wp","href":"https:\/\/api.w.org\/{rel}","templated":true}]}}